{"id":165,"date":"2013-12-05T20:42:16","date_gmt":"2013-12-06T00:42:16","guid":{"rendered":"http:\/\/insesasrl.com\/www\/?page_id=165"},"modified":"2019-10-06T16:22:56","modified_gmt":"2019-10-06T20:22:56","slug":"insesa-cleanergetic","status":"publish","type":"page","link":"http:\/\/insesasrl.com\/www\/insesa-cleanergetic\/","title":{"rendered":"INSESA &#8211; CLEANERGETIC"},"content":{"rendered":"<div>\n<div style=\"width: 650px; float: left; text-align: justify;\"><strong>INSESA<\/strong>, en su vocaci\u00f3n y misi\u00f3n constante de buscar la INNOVACI\u00d3N SOSTENIBLE, ha tenido a bien linearse estrat\u00e9gicamente con la empresa internacional espa\u00f1ola de Energ\u00edas Renovables <a href=\"http:\/\/www.cleanergetic.com\/12.html\"><strong>CLEANERGETIC SEER SOLUTIONS<\/strong><\/a>, con el objetivo de que usted pueda acceder a una Energ\u00eda LIMPIA Y RENOVABLE, ponemos a su disposici\u00f3n y de toda la industria dominicana nuestra amplia gama de productos y servicios tales como instalaciones de AUTOCONSUMO ENERG\u00c9TICO, mediante la captaci\u00f3n de la ENERGIA SOLAR FOTOVOLTAICA.<\/p>\n<blockquote><p>INSESA subscribe el COMPROMISO de nuestro socio espa\u00f1ol:<br \/>\n\u201cNuestra obsesi\u00f3n diaria es llevar energ\u00eda donde no la hay, de forma fiable y asequible para todo el mundo. Nuestro compromiso con la calidad es total, pues sabemos el impacto que tiene para nuestros clientes un fallo en el suministro de energ\u00eda. Adem\u00e1s de ser econ\u00f3micos, los productos ofrecidos deben funcionar durante muchos a\u00f1os con el m\u00ednimo mantenimiento. Este es nuestro compromiso y lo que nos motiva en todo lo que hacemos\u201d.<\/p>\n<p>As\u00ed mismo, INSESA apoya la VISI\u00d3N de Cleanergetic:<br \/>\n\u201cSer una empresa de referencia en el mercado nacional e internacional, que contribuya a mejorar las condiciones de vida en el Planeta. Contribuir a que el derecho que tiene toda persona a acceder a la energ\u00eda sea realidad, y que esta sea generada de forma respetuosa con el medioambiente, contribuyendo a mitigar el Cambio Clim\u00e1tico\u201d.<\/p><\/blockquote>\n<p><img loading=\"lazy\" width=\"120\" height=\"138\" src=\"http:\/\/insesasrl.com\/www\/wp-content\/uploads\/2013\/12\/hellaco2.jpg\" alt=\"hellaco\" style=\"width:120px; float:left;\" class=\"alignnone size-full wp-image-179\">El bagaje internacional de CLENAERGETIC, a nivel europeo, americano y pr\u00f3ximamente australiano, representa una aut\u00e9ntica garant\u00eda y aval para la seguridad de nuestros clientes. Cualquier necesidad energ\u00e9tica, industrial, residencial, agr\u00edcola, tur\u00edstica tiene respuesta en nuestra amplia oferta. <a href=\"http:\/\/insesasrl.com\/downloads\/cleanergetic-curriculum.pdf\">Curriculum Profesional (ver pdf)<\/a> <a href=\"http:\/\/insesasrl.com\/downloads\/catalogo-cleanergetic-insesa.pdf\">Catalogo CleanEnergetic-INSESA (ver pdf)<\/a><br \/>\n<br clear=\"all\"><br \/>\n<img loading=\"lazy\" src=\"http:\/\/insesasrl.com\/www\/wp-content\/uploads\/2013\/12\/logo_alternatura_JPG-300x59.jpg\" alt=\"logo_alternatura_JPG\" width=\"300\" height=\"59\" class=\"alignright size-medium wp-image-182\">Junto a Cleanergetic, hemos unido un refuerzo importante para que nuestros clientes comuniquen ambientalmente los beneficios que proporciona apostar por las energ\u00edas renovables, contando para ello con la consultora espa\u00f1ola de Desarrollo Sostenible ALTERNATURA, aportando estrategias de RESPONSABILIDAD SOCIAL EMPRESARIAL.<br \/>\n<br clear=\"all\"><br \/>\nY recuerden, \u201cNo hemos heredado la Tierra de nuestros padres, se la hemos pedida prestada a nuestros hijos\u201d.<\/p>\n<\/div>\n<div style=\"float:right; width:287px;\"><img src=\"http:\/\/insesasrl.com\/downloads\/autoconsumo.jpg\" style=\"margin-top: -55px;\"><\/div>\n<\/div>\n","protected":false},"excerpt":{"rendered":"<p class=\"teaser\">INSESA, en su vocaci\u00f3n y misi\u00f3n constante de buscar la INNOVACI\u00d3N SOSTENIBLE, ha tenido a bien linearse estrat\u00e9gicamente con la empresa internacional espa\u00f1ola de Energ\u00edas Renovables CLEANERGETIC SEER SOLUTIONS, con el objetivo de que usted pueda acceder a una Energ\u00eda LIMPIA Y RENOVABLE, ponemos a su disposici\u00f3n y de toda la industria dominicana nuestra amplia &hellip;<\/p>\n","protected":false},"author":1,"featured_media":0,"parent":0,"menu_order":0,"comment_status":"open","ping_status":"open","template":"template-fullwidth.php","meta":[],"_links":{"self":[{"href":"http:\/\/insesasrl.com\/www\/wp-json\/wp\/v2\/pages\/165"}],"collection":[{"href":"http:\/\/insesasrl.com\/www\/wp-json\/wp\/v2\/pages"}],"about":[{"href":"http:\/\/insesasrl.com\/www\/wp-json\/wp\/v2\/types\/page"}],"author":[{"embeddable":true,"href":"http:\/\/insesasrl.com\/www\/wp-json\/wp\/v2\/users\/1"}],"replies":[{"embeddable":true,"href":"http:\/\/insesasrl.com\/www\/wp-json\/wp\/v2\/comments?post=165"}],"version-history":[{"count":24,"href":"http:\/\/insesasrl.com\/www\/wp-json\/wp\/v2\/pages\/165\/revisions"}],"predecessor-version":[{"id":383,"href":"http:\/\/insesasrl.com\/www\/wp-json\/wp\/v2\/pages\/165\/revisions\/383"}],"wp:attachment":[{"href":"http:\/\/insesasrl.com\/www\/wp-json\/wp\/v2\/media?parent=165"}],"curies":[{"name":"wp","href":"https:\/\/api.w.org\/{rel}","templated":true}]}}