{"id":43,"date":"2013-04-08T03:12:04","date_gmt":"2013-04-08T03:12:04","guid":{"rendered":"http:\/\/insesasrl.com\/www\/?page_id=43"},"modified":"2019-10-06T16:25:00","modified_gmt":"2019-10-06T20:25:00","slug":"quienes-somos","status":"publish","type":"page","link":"http:\/\/insesasrl.com\/www\/quienes-somos\/","title":{"rendered":"Quienes somos"},"content":{"rendered":"\n<div style=\"max-width: 60%; float: left; margin-right: 16px;\">\n<p><h2><strong>INSESA, S.R.L.<\/strong> <\/h2>Fu&eacute; fundada en el a\u00f1o 2004, teniendo como objetivo fundamental la ejecuci\u00f3n de instalaciones el\u00e9ctricas en el sector tur\u00edstico, con el paso del tiempo nos hemos especializado en el dise\u00f1o, instalaci\u00f3n y Supervisi\u00f3n de Proyectos El\u00e9ctricos, Mec\u00e1nicos y de climatizaci\u00f3n. En el 2010 entramos en el \u00e1rea de alta Tecnolog\u00eda (sistemas de seguridad electr\u00f3nica y automatizaci\u00f3n industrial con PLC, VDF, Scada, Wireless etc.,) con el m\u00e1s riguroso apego a las normas y aplicaci\u00f3n de la buena ingenier\u00eda.<br><br>En 2013 aumentamos el campo de acci\u00f3n de la alta tecnolog\u00eda convirti\u00e9ndonos en Distech-Control Partners (dealers) para rep\u00fablica dominicana y el Caribe. Honeywell es una empresa l\u00edder mundial en automatizaci\u00f3n de edificaciones comerciales, y posee una gama de soluciones de gesti\u00f3n de energ\u00eda la cual proporciona una soluci\u00f3n completa y unificada para Climatizaci\u00f3n (HVAC), iluminaci\u00f3n y seguridad electr\u00f3nica (control de acceso, CCTV, sistemas contra incendios, Robo, etc&#8230;). Con esta sociedad Insesa, S.R.L ofrece soluciones tecnol\u00f3gicas \u00fanicas e innovadoras, para la eficiencia energ\u00e9tica y confort, las cuales reducen los costos de operaci\u00f3n y mantenimiento.<br><br>Estamos integrados por un equipo de profesionales y t\u00e9cnicos altamente calificados, quienes analizan los requerimientos de cada cliente para ofrecerles propuestas de soluciones precisas y confiables.<br><br>Nuestra vasta experiencia de m\u00e1s de una d\u00e9cada de servicio profesional y la sistem\u00e1tica inversi\u00f3n en alta tecnolog\u00eda nos permite colocarnos posici\u00f3n privilegiada en el mercado nacional, acredit\u00e1ndonos como una compa\u00f1\u00eda con solidez y prestigio tanto a nivel local como internacional.<\/p>\n<\/div>\n<div style=\"float: left; width: 37%; border-left: 1px solid #f0f0f0; padding-left: 10px; padding-bottom: 5px; border-bottom: 1px solid #f0f0f0;\">\n<p><strong style=\"font-size: 1rem; line-height: 1;\">Objetivos<\/strong><\/p>\n<p>Para obtener la plena satisfacci\u00f3n de cada cliente, nuestro prop\u00f3sito inicial es definir en forma integral las necesidades espec\u00edficas de cada uno, y nuestro compromiso, es proporcionarle la mejor soluci\u00f3n t\u00e9cnica utilizando productos de la mejor calidad y precio adecuado, complementado con mano de obra altamente calificada.<\/p>\n<p><strong style=\"font-size: 1rem; line-height: 1.6;\">Nuestros recursos<\/strong><\/p>\n<p><span style=\"line-height: 1;\">Principalmente el recurso humano es la base de nuestro servicio. Nuestro personal es capacitado continuamente para lograr de tal forma que nuestros clientes siempre podr\u00e1n estar seguros de recibir un trabajo profesional<\/span><\/p>\n<\/div>\n","protected":false},"excerpt":{"rendered":"<p class=\"teaser\">INSESA, S.R.L. Fu&eacute; fundada en el a\u00f1o 2004, teniendo como objetivo fundamental la ejecuci\u00f3n de instalaciones el\u00e9ctricas en el sector tur\u00edstico, con el paso del tiempo nos hemos especializado en el dise\u00f1o, instalaci\u00f3n y Supervisi\u00f3n de Proyectos El\u00e9ctricos, Mec\u00e1nicos y de climatizaci\u00f3n. En el 2010 entramos en el \u00e1rea de alta Tecnolog\u00eda (sistemas de seguridad &hellip;<\/p>\n","protected":false},"author":1,"featured_media":0,"parent":0,"menu_order":0,"comment_status":"open","ping_status":"open","template":"template-fullwidth.php","meta":[],"_links":{"self":[{"href":"http:\/\/insesasrl.com\/www\/wp-json\/wp\/v2\/pages\/43"}],"collection":[{"href":"http:\/\/insesasrl.com\/www\/wp-json\/wp\/v2\/pages"}],"about":[{"href":"http:\/\/insesasrl.com\/www\/wp-json\/wp\/v2\/types\/page"}],"author":[{"embeddable":true,"href":"http:\/\/insesasrl.com\/www\/wp-json\/wp\/v2\/users\/1"}],"replies":[{"embeddable":true,"href":"http:\/\/insesasrl.com\/www\/wp-json\/wp\/v2\/comments?post=43"}],"version-history":[{"count":54,"href":"http:\/\/insesasrl.com\/www\/wp-json\/wp\/v2\/pages\/43\/revisions"}],"predecessor-version":[{"id":385,"href":"http:\/\/insesasrl.com\/www\/wp-json\/wp\/v2\/pages\/43\/revisions\/385"}],"wp:attachment":[{"href":"http:\/\/insesasrl.com\/www\/wp-json\/wp\/v2\/media?parent=43"}],"curies":[{"name":"wp","href":"https:\/\/api.w.org\/{rel}","templated":true}]}}